{"id":169,"date":"2024-04-07T14:08:43","date_gmt":"2024-04-07T12:08:43","guid":{"rendered":"https:\/\/www.chemia.polsl.pl\/kosmotrend\/?page_id=169"},"modified":"2026-01-16T18:42:46","modified_gmt":"2026-01-16T17:42:46","slug":"dodatkowe-informacje","status":"publish","type":"page","link":"https:\/\/www.chemia.polsl.pl\/kosmotrend\/index.php\/dodatkowe-informacje\/","title":{"rendered":"Dodatkowe informacje"},"content":{"rendered":"\t\t<div data-elementor-type=\"wp-page\" data-elementor-id=\"169\" class=\"elementor elementor-169\">\n\t\t\t\t<div class=\"elementor-element elementor-element-e647af0 e-flex e-con-boxed e-con e-parent\" data-id=\"e647af0\" data-element_type=\"container\" data-e-type=\"container\">\n\t\t\t\t\t<div class=\"e-con-inner\">\n\t\t\t\t<div class=\"elementor-element elementor-element-e6315b2 elementor-widget elementor-widget-heading\" data-id=\"e6315b2\" data-element_type=\"widget\" data-e-type=\"widget\" data-widget_type=\"heading.default\">\n\t\t\t\t<div class=\"elementor-widget-container\">\n\t\t\t\t\t<h2 class=\"elementor-heading-title elementor-size-default\">Informacje dla Autor\u00f3w prezentuj\u0105cych<\/h2>\t\t\t\t<\/div>\n\t\t\t\t<\/div>\n\t\t\t\t\t<\/div>\n\t\t\t\t<\/div>\n\t\t<div class=\"elementor-element elementor-element-c859428 elementor-hidden-widescreen elementor-hidden-desktop elementor-hidden-tablet e-flex e-con-boxed e-con e-parent\" data-id=\"c859428\" data-element_type=\"container\" data-e-type=\"container\">\n\t\t\t\t\t<div class=\"e-con-inner\">\n\t\t\t\t<div class=\"elementor-element elementor-element-387b81b animated-slow elementor-widget elementor-widget-text-editor\" data-id=\"387b81b\" data-element_type=\"widget\" data-e-type=\"widget\" data-settings=\"{&quot;_animation&quot;:&quot;none&quot;}\" data-widget_type=\"text-editor.default\">\n\t\t\t\t<div class=\"elementor-widget-container\">\n\t\t\t\t\t\t\t\t\t<p>Wymiary posteru: <strong><span class=\"TextRun SCXW208456887 BCX0\" lang=\"PL-PL\" xml:lang=\"PL-PL\" data-contrast=\"auto\"><span class=\"NormalTextRun SCXW208456887 BCX0\" data-ccp-charstyle=\"Strong\">maksymalny wymiar <\/span><span class=\"NormalTextRun SCXW208456887 BCX0\" data-ccp-charstyle=\"Strong\">A0 (<\/span><\/span><span class=\"TextRun SCXW208456887 BCX0\" lang=\"PL-PL\" xml:lang=\"PL-PL\" data-contrast=\"none\"><span class=\"NormalTextRun SCXW208456887 BCX0\" data-ccp-parastyle=\"Normal (Web)\">841 x 1189 mm<\/span><\/span><span class=\"TextRun SCXW208456887 BCX0\" lang=\"PL-PL\" xml:lang=\"PL-PL\" data-contrast=\"auto\"><span class=\"NormalTextRun SCXW208456887 BCX0\" data-ccp-parastyle=\"Normal (Web)\">)\u00a0<br \/><\/span><\/span><span class=\"TextRun SCXW208456887 BCX0\" lang=\"PL-PL\" xml:lang=\"PL-PL\" data-contrast=\"auto\"><span class=\"NormalTextRun SCXW208456887 BCX0\" data-ccp-parastyle=\"Normal (Web)\">w orientacji pionowej.<\/span><\/span><\/strong><br \/>Prosimy o <strong>umieszczenie logo konferencji<\/strong> na posterze oraz <strong>obecno\u015b\u0107 Autora przy plakacie<\/strong> podczas Sesji posterowej.<br \/>Czas przeznaczony na wyg\u0142oszenie komunikatu ustnego wynosi <strong>12 minut<\/strong>.<br \/>Prosimy o <strong>przygotowanie prezentacji<\/strong> (dotyczy komunikat\u00f3w ustnych) <strong>na no\u015bniku USB.<\/strong><br \/>Wszystkie prezentacje zostan\u0105 usuni\u0119te po zako\u0144czonych obradach.<\/p>\t\t\t\t\t\t\t\t<\/div>\n\t\t\t\t<\/div>\n\t\t\t\t\t<\/div>\n\t\t\t\t<\/div>\n\t\t<div class=\"elementor-element elementor-element-c7d7f54 elementor-hidden-mobile e-flex e-con-boxed e-con e-parent\" data-id=\"c7d7f54\" data-element_type=\"container\" data-e-type=\"container\">\n\t\t\t\t\t<div class=\"e-con-inner\">\n\t\t\t\t<div class=\"elementor-element elementor-element-7eaa883 animated-slow elementor-widget elementor-widget-text-editor\" data-id=\"7eaa883\" data-element_type=\"widget\" data-e-type=\"widget\" data-settings=\"{&quot;_animation&quot;:&quot;none&quot;}\" data-widget_type=\"text-editor.default\">\n\t\t\t\t<div class=\"elementor-widget-container\">\n\t\t\t\t\t\t\t\t\t<p>Wymiary posteru: <strong><span class=\"TextRun SCXW208456887 BCX0\" lang=\"PL-PL\" xml:lang=\"PL-PL\" data-contrast=\"auto\"><span class=\"NormalTextRun SCXW208456887 BCX0\" data-ccp-charstyle=\"Strong\">maksymalny wymiar <\/span><span class=\"NormalTextRun SCXW208456887 BCX0\" data-ccp-charstyle=\"Strong\">A0 (<\/span><\/span><span class=\"TextRun SCXW208456887 BCX0\" lang=\"PL-PL\" xml:lang=\"PL-PL\" data-contrast=\"none\"><span class=\"NormalTextRun SCXW208456887 BCX0\" data-ccp-parastyle=\"Normal (Web)\">841 x 1189 mm<\/span><\/span><span class=\"TextRun SCXW208456887 BCX0\" lang=\"PL-PL\" xml:lang=\"PL-PL\" data-contrast=\"auto\"><span class=\"NormalTextRun SCXW208456887 BCX0\" data-ccp-parastyle=\"Normal (Web)\">) <\/span><\/span><span class=\"TextRun SCXW208456887 BCX0\" lang=\"PL-PL\" xml:lang=\"PL-PL\" data-contrast=\"auto\"><span class=\"NormalTextRun SCXW208456887 BCX0\" data-ccp-parastyle=\"Normal (Web)\">w orientacji pionowej.<\/span><\/span><\/strong><br \/>Prosimy o <strong>umieszczenie logo konferencji<\/strong> na posterze oraz <strong>obecno\u015b\u0107 Autora przy plakacie<\/strong> podczas Sesji posterowej.<br \/>Czas przeznaczony na wyg\u0142oszenie komunikatu ustnego wynosi <strong>12 minut<\/strong>.<br \/>Prosimy o <strong>przygotowanie prezentacji<\/strong> (dotyczy komunikat\u00f3w ustnych) <strong>na no\u015bniku USB.<\/strong><br \/>Wszystkie prezentacje zostan\u0105 usuni\u0119te po zako\u0144czonych obradach.<\/p>\t\t\t\t\t\t\t\t<\/div>\n\t\t\t\t<\/div>\n\t\t\t\t\t<\/div>\n\t\t\t\t<\/div>\n\t\t<div class=\"elementor-element elementor-element-6e48e4f e-flex e-con-boxed e-con e-parent\" data-id=\"6e48e4f\" data-element_type=\"container\" data-e-type=\"container\">\n\t\t\t\t\t<div class=\"e-con-inner\">\n\t\t\t\t<div class=\"elementor-element elementor-element-9a621c7 elementor-widget elementor-widget-heading\" data-id=\"9a621c7\" data-element_type=\"widget\" data-e-type=\"widget\" data-widget_type=\"heading.default\">\n\t\t\t\t<div class=\"elementor-widget-container\">\n\t\t\t\t\t<h2 class=\"elementor-heading-title elementor-size-default\">Materia\u0142y do pobrania<\/h2>\t\t\t\t<\/div>\n\t\t\t\t<\/div>\n\t\t\t\t\t<\/div>\n\t\t\t\t<\/div>\n\t\t<div class=\"elementor-element elementor-element-72af218 e-flex e-con-boxed e-con e-parent\" data-id=\"72af218\" data-element_type=\"container\" data-e-type=\"container\">\n\t\t\t\t\t<div class=\"e-con-inner\">\n\t\t\t\t<div class=\"elementor-element elementor-element-b9637ca elementor-align-left elementor-widget elementor-widget-button\" data-id=\"b9637ca\" data-element_type=\"widget\" data-e-type=\"widget\" data-widget_type=\"button.default\">\n\t\t\t\t<div class=\"elementor-widget-container\">\n\t\t\t\t\t\t\t\t\t<div class=\"elementor-button-wrapper\">\n\t\t\t\t\t<a class=\"elementor-button elementor-button-link elementor-size-sm\" href=\"https:\/\/www.chemia.polsl.pl\/kosmotrend\/wp-content\/uploads\/2024\/04\/Szablon-abstraktu.docx\">\n\t\t\t\t\t\t<span class=\"elementor-button-content-wrapper\">\n\t\t\t\t\t\t<span class=\"elementor-button-icon\">\n\t\t\t\t<svg aria-hidden=\"true\" class=\"e-font-icon-svg e-fas-arrow-down\" viewBox=\"0 0 448 512\" xmlns=\"http:\/\/www.w3.org\/2000\/svg\"><path d=\"M413.1 222.5l22.2 22.2c9.4 9.4 9.4 24.6 0 33.9L241 473c-9.4 9.4-24.6 9.4-33.9 0L12.7 278.6c-9.4-9.4-9.4-24.6 0-33.9l22.2-22.2c9.5-9.5 25-9.3 34.3.4L184 343.4V56c0-13.3 10.7-24 24-24h32c13.3 0 24 10.7 24 24v287.4l114.8-120.5c9.3-9.8 24.8-10 34.3-.4z\"><\/path><\/svg>\t\t\t<\/span>\n\t\t\t\t\t\t\t\t\t<span class=\"elementor-button-text\">Wz\u00f3r abstraktu <\/span>\n\t\t\t\t\t<\/span>\n\t\t\t\t\t<\/a>\n\t\t\t\t<\/div>\n\t\t\t\t\t\t\t\t<\/div>\n\t\t\t\t<\/div>\n\t\t\t\t\t<\/div>\n\t\t\t\t<\/div>\n\t\t<div class=\"elementor-element elementor-element-a427891 e-flex e-con-boxed e-con e-parent\" data-id=\"a427891\" data-element_type=\"container\" data-e-type=\"container\">\n\t\t\t\t\t<div class=\"e-con-inner\">\n\t\t\t\t<div class=\"elementor-element elementor-element-912d6b0 elementor-align-left elementor-widget elementor-widget-button\" data-id=\"912d6b0\" data-element_type=\"widget\" data-e-type=\"widget\" data-widget_type=\"button.default\">\n\t\t\t\t<div class=\"elementor-widget-container\">\n\t\t\t\t\t\t\t\t\t<div class=\"elementor-button-wrapper\">\n\t\t\t\t\t<a class=\"elementor-button elementor-button-link elementor-size-sm\" href=\"https:\/\/www.chemia.polsl.pl\/kosmotrend\/wp-content\/uploads\/2024\/04\/logo-kosmotrend.png\">\n\t\t\t\t\t\t<span class=\"elementor-button-content-wrapper\">\n\t\t\t\t\t\t<span class=\"elementor-button-icon\">\n\t\t\t\t<svg aria-hidden=\"true\" class=\"e-font-icon-svg e-fas-arrow-down\" viewBox=\"0 0 448 512\" xmlns=\"http:\/\/www.w3.org\/2000\/svg\"><path d=\"M413.1 222.5l22.2 22.2c9.4 9.4 9.4 24.6 0 33.9L241 473c-9.4 9.4-24.6 9.4-33.9 0L12.7 278.6c-9.4-9.4-9.4-24.6 0-33.9l22.2-22.2c9.5-9.5 25-9.3 34.3.4L184 343.4V56c0-13.3 10.7-24 24-24h32c13.3 0 24 10.7 24 24v287.4l114.8-120.5c9.3-9.8 24.8-10 34.3-.4z\"><\/path><\/svg>\t\t\t<\/span>\n\t\t\t\t\t\t\t\t\t<span class=\"elementor-button-text\">Logo konferencji<\/span>\n\t\t\t\t\t<\/span>\n\t\t\t\t\t<\/a>\n\t\t\t\t<\/div>\n\t\t\t\t\t\t\t\t<\/div>\n\t\t\t\t<\/div>\n\t\t\t\t\t<\/div>\n\t\t\t\t<\/div>\n\t\t\t\t<\/div>\n\t\t","protected":false},"excerpt":{"rendered":"<p>Informacje dla Autor\u00f3w prezentuj\u0105cych Wymiary posteru: maksymalny wymiar A0 (841 x 1189 mm)\u00a0w orientacji pionowej.Prosimy o umieszczenie logo konferencji na [&hellip;]<\/p>\n","protected":false},"author":2,"featured_media":0,"parent":0,"menu_order":0,"comment_status":"closed","ping_status":"closed","template":"","meta":{"_eb_attr":"","site-sidebar-layout":"no-sidebar","site-content-layout":"","ast-site-content-layout":"full-width-container","site-content-style":"default","site-sidebar-style":"default","ast-global-header-display":"","ast-banner-title-visibility":"","ast-main-header-display":"","ast-hfb-above-header-display":"","ast-hfb-below-header-display":"","ast-hfb-mobile-header-display":"","site-post-title":"disabled","ast-breadcrumbs-content":"","ast-featured-img":"disabled","footer-sml-layout":"","theme-transparent-header-meta":"","adv-header-id-meta":"","stick-header-meta":"","header-above-stick-meta":"","header-main-stick-meta":"","header-below-stick-meta":"","astra-migrate-meta-layouts":"default","ast-page-background-enabled":"default","ast-page-background-meta":{"desktop":{"background-color":"var(--ast-global-color-4)","background-image":"","background-repeat":"repeat","background-position":"center center","background-size":"auto","background-attachment":"scroll","background-type":"","background-media":"","overlay-type":"","overlay-color":"","overlay-gradient":""},"tablet":{"background-color":"","background-image":"","background-repeat":"repeat","background-position":"center center","background-size":"auto","background-attachment":"scroll","background-type":"","background-media":"","overlay-type":"","overlay-color":"","overlay-gradient":""},"mobile":{"background-color":"","background-image":"","background-repeat":"repeat","background-position":"center center","background-size":"auto","background-attachment":"scroll","background-type":"","background-media":"","overlay-type":"","overlay-color":"","overlay-gradient":""}},"ast-content-background-meta":{"desktop":{"background-color":"var(--ast-global-color-5)","background-image":"","background-repeat":"repeat","background-position":"center center","background-size":"auto","background-attachment":"scroll","background-type":"","background-media":"","overlay-type":"","overlay-color":"","overlay-gradient":""},"tablet":{"background-color":"var(--ast-global-color-5)","background-image":"","background-repeat":"repeat","background-position":"center center","background-size":"auto","background-attachment":"scroll","background-type":"","background-media":"","overlay-type":"","overlay-color":"","overlay-gradient":""},"mobile":{"background-color":"var(--ast-global-color-5)","background-image":"","background-repeat":"repeat","background-position":"center center","background-size":"auto","background-attachment":"scroll","background-type":"","background-media":"","overlay-type":"","overlay-color":"","overlay-gradient":""}},"footnotes":""},"class_list":["post-169","page","type-page","status-publish","hentry"],"_links":{"self":[{"href":"https:\/\/www.chemia.polsl.pl\/kosmotrend\/index.php\/wp-json\/wp\/v2\/pages\/169","targetHints":{"allow":["GET"]}}],"collection":[{"href":"https:\/\/www.chemia.polsl.pl\/kosmotrend\/index.php\/wp-json\/wp\/v2\/pages"}],"about":[{"href":"https:\/\/www.chemia.polsl.pl\/kosmotrend\/index.php\/wp-json\/wp\/v2\/types\/page"}],"author":[{"embeddable":true,"href":"https:\/\/www.chemia.polsl.pl\/kosmotrend\/index.php\/wp-json\/wp\/v2\/users\/2"}],"replies":[{"embeddable":true,"href":"https:\/\/www.chemia.polsl.pl\/kosmotrend\/index.php\/wp-json\/wp\/v2\/comments?post=169"}],"version-history":[{"count":49,"href":"https:\/\/www.chemia.polsl.pl\/kosmotrend\/index.php\/wp-json\/wp\/v2\/pages\/169\/revisions"}],"predecessor-version":[{"id":1296,"href":"https:\/\/www.chemia.polsl.pl\/kosmotrend\/index.php\/wp-json\/wp\/v2\/pages\/169\/revisions\/1296"}],"wp:attachment":[{"href":"https:\/\/www.chemia.polsl.pl\/kosmotrend\/index.php\/wp-json\/wp\/v2\/media?parent=169"}],"curies":[{"name":"wp","href":"https:\/\/api.w.org\/{rel}","templated":true}]}}